{"id":37,"date":"2015-02-17T17:08:19","date_gmt":"2015-02-17T16:08:19","guid":{"rendered":"http:\/\/deadbeef.cz\/?page_id=37"},"modified":"2015-02-21T12:51:24","modified_gmt":"2015-02-21T11:51:24","slug":"uvodni-stranka","status":"publish","type":"page","link":"https:\/\/deadbeef.cz\/","title":{"rendered":"V\u00edtejte na DEADBEEF"},"content":{"rendered":"<div class=\"def-header\">Urban dictionary\u00a0o 0xDEADBEEF \u0159\u00edk\u00e1:<\/div>\n<div class=\"def-header\" style=\"text-align: left;\"><\/div>\n<div class=\"meaning\" style=\"text-align: left;\"><a class=\"word\" href=\"http:\/\/cs.urbandictionary.com\/define.php?term=0xDEADBEEF&amp;defid=1748579\">0xDEADBEEF<\/a><\/div>\n<div class=\"meaning\" style=\"text-align: left;\">1. The hexadecimal word-fill pattern for freshly allocated memory under a number of IBM environments, including the RS\/6000. Some modern debugging tools deliberately fill freed memory with this value.<\/div>\n<div class=\"meaning\" style=\"text-align: left;\"><\/div>\n<div class=\"meaning\" style=\"text-align: left;\">2. Geek-speak for dead\/gone\/erased\/eliminated\/removed<\/div>\n<div class=\"meaning\">\n<hr \/>\n<p>J\u00e1 se tento blog pokus\u00edm zaplnit post\u0159ehy, informacemi, n\u00e1vody a zaj\u00edmavostmi z kon\u010din IT sv\u011bta, do kter\u00fdch se na sv\u00e9 pouti pod\u00edv\u00e1m. Jeliko\u017e se pohybuji ve sv\u011bt\u011b linuxu, bastlen\u00ed s arduinem, s\u00edt\u00ed a programov\u00e1n\u00ed v C++, nen\u00ed nijak myln\u00e9 p\u0159edpokl\u00e1dat, \u017ee se pr\u00e1v\u011b t\u011bmito t\u00e9maty budu zab\u00fdvat.<\/p>\n<p>A tak, bez dal\u0161\u00edch zbyte\u010dn\u00fdch kec\u016f, sm\u011ble do \u010dten\u00ed \ud83d\ude09<br \/>\n<\/br><\/br><\/br><\/p>\n<h4>Nejnov\u011bj\u0161\u00ed blogov\u00e9 z\u00e1pisky<\/h4>\n<\/div>\n<div class=\"meaning\">\n<!-- NOTE: If you need to make changes to this file, copy it to your current theme's main\n\tdirectory so your changes won't be overwritten when the plugin is upgraded. -->\n\n<!-- Post Wrap Start-->\n<div class=\"post hentry ivycat-post\">\n\n\t<!-- \tThis outputs the post TITLE -->\n\t<h2 class=\"entry-title\"><a href=\"https:\/\/deadbeef.cz\/?p=73\">Nov\u00e9 hra\u010dky<\/a><\/h2>\n\n\t<!-- \tThis outputs the post EXCERPT.  To display full content including images and html,\n\t\treplace the_excerpt(); with the_content();  below. -->\n\t<div class=\"entry-summary\">\n\t\t<p>Tento t\u00fdden mi p\u0159i\u0161ly nov\u00e9 hra\u010dky. Displej z Nokia 5110 s modr\u00fdm podsv\u00edcen\u00edm a t\u0159\u00edos\u00fd digit\u00e1ln\u00ed kompas HMC5883L komunikuj\u00edc\u00ed p\u0159es I<sup>2<\/sup>C sb\u011brnici. A\u017e budu m\u00edt \u010das, p\u0159ibude n\u00e1vod v knihovn\u00e1ch. <a href=\"https:\/\/deadbeef.cz\/?p=73\" class=\"read-more\">\u010c\u00edst d\u00e1le&hellip; <\/a><\/p>\t<\/div>\n\n\t<!--\tThis outputs the post META information -->\n\t<div class=\"entry-utility\">\n\t\t\t\t\t<span class=\"cat-links\">\n\t\t\t\t<span class=\"entry-utility-prep entry-utility-prep-cat-links\">Posted in<\/span> <a href=\"https:\/\/deadbeef.cz\/?cat=18\" rel=\"category\">Blog<\/a>\t\t\t<\/span>\n\t\t\t<span class=\"meta-sep\">|<\/span>\n\t\t\t\t\t\t\t<span class=\"tag-links\">\n\t\t\t\t<span class=\"entry-utility-prep entry-utility-prep-tag-links\">Tagged<\/span> <a href=\"https:\/\/deadbeef.cz\/?tag=arduino\" rel=\"tag\">arduino<\/a>, <a href=\"https:\/\/deadbeef.cz\/?tag=displej\" rel=\"tag\">displej<\/a>\t\t\t<\/span>\n\t\t\t<span class=\"meta-sep\">|<\/span>\n\t\t\t\t<span class=\"comments-link\">\n\t\t\t<a href=\"https:\/\/deadbeef.cz\/?p=73#respond\">Leave a comment<\/a>\t\t<\/span>\n\t\t\t<\/div>\n<\/div>\n<!-- \/\/ Post Wrap End -->\n<\/div>\n","protected":false},"excerpt":{"rendered":"<p>Tento t\u00fdden mi p\u0159i\u0161ly nov\u00e9 hra\u010dky. Displej z Nokia 5110 s modr\u00fdm podsv\u00edcen\u00edm a t\u0159\u00edos\u00fd digit\u00e1ln\u00ed kompas HMC5883L komunikuj\u00edc\u00ed p\u0159es I<sup>2<\/sup>C sb\u011brnici. A\u017e budu m\u00edt \u010das, p\u0159ibude n\u00e1vod v knihovn\u00e1ch. <a href=\"https:\/\/deadbeef.cz\/?p=73\" class=\"read-more\">\u010c\u00edst d\u00e1le&hellip; <\/a><\/p>","protected":false},"author":1,"featured_media":13,"parent":0,"menu_order":0,"comment_status":"closed","ping_status":"open","template":"","meta":[],"_links":{"self":[{"href":"https:\/\/deadbeef.cz\/index.php?rest_route=\/wp\/v2\/pages\/37"}],"collection":[{"href":"https:\/\/deadbeef.cz\/index.php?rest_route=\/wp\/v2\/pages"}],"about":[{"href":"https:\/\/deadbeef.cz\/index.php?rest_route=\/wp\/v2\/types\/page"}],"author":[{"embeddable":true,"href":"https:\/\/deadbeef.cz\/index.php?rest_route=\/wp\/v2\/users\/1"}],"replies":[{"embeddable":true,"href":"https:\/\/deadbeef.cz\/index.php?rest_route=%2Fwp%2Fv2%2Fcomments&post=37"}],"version-history":[{"count":17,"href":"https:\/\/deadbeef.cz\/index.php?rest_route=\/wp\/v2\/pages\/37\/revisions"}],"predecessor-version":[{"id":135,"href":"https:\/\/deadbeef.cz\/index.php?rest_route=\/wp\/v2\/pages\/37\/revisions\/135"}],"wp:featuredmedia":[{"embeddable":true,"href":"https:\/\/deadbeef.cz\/index.php?rest_route=\/wp\/v2\/media\/13"}],"wp:attachment":[{"href":"https:\/\/deadbeef.cz\/index.php?rest_route=%2Fwp%2Fv2%2Fmedia&parent=37"}],"curies":[{"name":"wp","href":"https:\/\/api.w.org\/{rel}","templated":true}]}}